{"id":1241,"date":"2023-04-25T10:31:45","date_gmt":"2023-04-25T13:31:45","guid":{"rendered":"https:\/\/colegiocantareira.com.br\/infantil\/?page_id=1241"},"modified":"2025-04-05T21:06:08","modified_gmt":"2025-04-06T00:06:08","slug":"2022-2","status":"publish","type":"page","link":"https:\/\/colegiocantareira.com.br\/infantil\/2022-2\/","title":{"rendered":"2022"},"content":{"rendered":"\n<p class=\"has-vivid-green-cyan-color has-text-color\"><strong>BER\u00c7\u00c1RIO<\/strong><\/p>\n\n\n\n<ul class=\"wp-block-list\">\n<li><a href=\"https:\/\/colegiocantareira.com.br\/infantil\/2022\/05\/exploracao-de-elementos-da-natureza\/\">EXPLORA\u00c7\u00c3O DE ELEMENTOS DA NATUREZA<\/a><\/li>\n<\/ul>\n\n\n\n<div style=\"height:20px\" aria-hidden=\"true\" class=\"wp-block-spacer\"><\/div>\n\n\n\n<p class=\"has-vivid-green-cyan-color has-text-color\"><strong>PI A<\/strong><\/p>\n\n\n\n<ul class=\"wp-block-list\">\n<li><a href=\"https:\/\/colegiocantareira.com.br\/infantil\/2022\/04\/19\/percurso-da-nossa-turma\/\">PERCURSO DA NOSSA TURMA<\/a><\/li>\n<\/ul>\n\n\n\n<ul class=\"wp-block-list\">\n<li><a href=\"https:\/\/colegiocantareira.com.br\/infantil\/2022\/08\/15\/maravilhamento-a-areia\/\">MARAVILHAMENTO &#8211; A AREIA<\/a><\/li>\n<\/ul>\n\n\n\n<ul class=\"wp-block-list\">\n<li><a href=\"https:\/\/colegiocantareira.com.br\/infantil\/2022\/10\/sabores-texturas-e-cores-para-explorar-e-conhecer\/\">SABORES, TEXTURAS E CORES PARA EXPLORAR!<\/a><\/li>\n<\/ul>\n\n\n\n<div style=\"height:20px\" aria-hidden=\"true\" class=\"wp-block-spacer\"><\/div>\n\n\n\n<p class=\"has-vivid-green-cyan-color has-text-color\"><strong>PI B<\/strong><\/p>\n\n\n\n<ul class=\"wp-block-list\">\n<li><a href=\"https:\/\/colegiocantareira.com.br\/infantil\/2022\/04\/13\/barro-colorido\/\">BARRO COLORIDO<\/a><\/li>\n<\/ul>\n\n\n\n<ul class=\"wp-block-list\">\n<li><a href=\"https:\/\/colegiocantareira.com.br\/infantil\/2022\/07\/15\/confeccao-de-pincel-com-elementos-da-natureza\/\">CONFEC\u00c7\u00c3O DE PINCEL COM ELEMENTOS DA NATUREZA<\/a><\/li>\n<\/ul>\n\n\n\n<ul class=\"wp-block-list\">\n<li><a href=\"https:\/\/colegiocantareira.com.br\/infantil\/2022\/10\/fabrica-do-folclore-da-primeirissima-infancia\/\">F\u00c1BRICA DO FOLCLORE DA PRIMEIR\u00cdSSIMA INF\u00c2NCIA<\/a><\/li>\n<\/ul>\n\n\n\n<div style=\"height:20px\" aria-hidden=\"true\" class=\"wp-block-spacer\"><\/div>\n\n\n\n<p class=\"has-vivid-green-cyan-color has-text-color\"><strong>G4 A<\/strong><\/p>\n\n\n\n<ul class=\"wp-block-list\">\n<li><a href=\"https:\/\/colegiocantareira.com.br\/infantil\/escolhendo-\" data-type=\"URL\" data-id=\"https:\/\/colegiocantareira.com.br\/infantil\/escolhendo-\">ESCOLHENDO O NOME DO GRUPO<\/a><\/li>\n<\/ul>\n\n\n\n<ul class=\"wp-block-list\">\n<li><a href=\"https:\/\/colegiocantareira.com.br\/infantil\/2022\/07\/15\/o-quintal\/\">O QUINTAL PARA UM BRINCAR HEUR\u00cdSTICO<\/a><\/li>\n<\/ul>\n\n\n\n<ul class=\"wp-block-list\">\n<li><a href=\"https:\/\/colegiocantareira.com.br\/infantil\/2022\/10\/processo-investigativo-2\/\">PLANTIO DE BATATAS DOCE<\/a><\/li>\n<\/ul>\n\n\n\n<div style=\"height:20px\" aria-hidden=\"true\" class=\"wp-block-spacer\"><\/div>\n\n\n\n<p class=\"has-vivid-green-cyan-color has-text-color\"><strong>G4 B<\/strong><\/p>\n\n\n\n<ul class=\"wp-block-list\">\n<li><a href=\"https:\/\/colegiocantareira.com.br\/infantil\/2022\/01\/13\/narrativa-de-uma-experiencia-de-quintal\">NARRATIVA DE UMA EXPERI\u00caNCIA DE QUINTAL<\/a><\/li>\n<\/ul>\n\n\n\n<ul class=\"wp-block-list\">\n<li><a href=\"https:\/\/colegiocantareira.com.br\/infantil\/2022\/07\/15\/observando-o-crescimento-da-batata-doce\/\">OBSERVADO O CRESCIMENTO DA BATATA-DOCE<\/a><\/li>\n<\/ul>\n\n\n\n<ul class=\"wp-block-list\">\n<li><a href=\"https:\/\/colegiocantareira.com.br\/infantil\/2022\/10\/culinaria-com-a-turma-do-azulinho\/\">CULIN\u00c1RIA COM A TURMA DO AZULZINHO<\/a><\/li>\n<\/ul>\n\n\n\n<div style=\"height:20px\" aria-hidden=\"true\" class=\"wp-block-spacer\"><\/div>\n\n\n\n<p class=\"has-vivid-green-cyan-color has-text-color\"><strong>G5 A<\/strong><\/p>\n\n\n\n<ul class=\"wp-block-list\">\n<li><a href=\"https:\/\/colegiocantareira.com.br\/infantil\/2022\/04\/13\/percursos-meu-caminho-ate-a-escola\/\">PERCURSOS &#8211; MEU CAMINHO AT\u00c9 A ESCOLA<\/a><\/li>\n\n\n\n<li><\/li>\n\n\n\n<li><a href=\"https:\/\/colegiocantareira.com.br\/infantil\/2022\/04\/18\/percursos-processo-investigativo\/\">PERCURSOS &#8211; PROCESSO INVESTIGATIVO<\/a><\/li>\n<\/ul>\n\n\n\n<ul class=\"wp-block-list\">\n<li><a href=\"https:\/\/colegiocantareira.com.br\/infantil\/2022\/07\/15\/investigando-a-cobra\/\">INVESTIGANDO A &#8220;COBRA&#8221;<\/a><\/li>\n<\/ul>\n\n\n\n<ul class=\"wp-block-list\">\n<li><a href=\"https:\/\/colegiocantareira.com.br\/infantil\/2022\/10\/nome-proprio%ef%bf%bc\/\">NOME PR\u00d3PRIO<\/a><\/li>\n<\/ul>\n\n\n\n<div style=\"height:20px\" aria-hidden=\"true\" class=\"wp-block-spacer\"><\/div>\n\n\n\n<p class=\"has-vivid-green-cyan-color has-text-color\"><strong>G5 B<\/strong><\/p>\n\n\n\n<ul class=\"wp-block-list\">\n<li><a href=\"https:\/\/colegiocantareira.com.br\/infantil\/2022\/05\/09\/processo-investigativo\/\">PROCESSO INVESTIGATIVO &#8211; PLANTIO E OBSERVA\u00c7\u00c3O<\/a><\/li>\n<\/ul>\n\n\n\n<ul class=\"wp-block-list\">\n<li><a href=\"https:\/\/colegiocantareira.com.br\/infantil\/2022\/07\/15\/tem-uma-cobra-aqui%ef%bf%bc\/\">TEM UMA COBRA AQUI!<\/a><\/li>\n<\/ul>\n\n\n\n<ul class=\"wp-block-list\">\n<li><a href=\"https:\/\/colegiocantareira.com.br\/infantil\/2022\/10\/as-letras-no-nome-proprio%ef%bf%bc\/\">AS LETRAS NO NOME PR\u00d3PRIO<\/a><\/li>\n<\/ul>\n\n\n\n<div style=\"height:20px\" aria-hidden=\"true\" class=\"wp-block-spacer\"><\/div>\n\n\n\n<p class=\"has-vivid-green-cyan-color has-text-color\"><strong>1\u00ba ANO A<\/strong><\/p>\n\n\n\n<ul class=\"wp-block-list\">\n<li><a href=\"https:\/\/colegiocantareira.com.br\/infantil\/2022\/04\/19\/experiencia-estetica\/\">EXPERI\u00caNCIA EST\u00c9TICA &#8211; REGISTRO DE OBSERVA\u00c7\u00c3O DA FLOR DE HIBISCO<\/a><\/li>\n<\/ul>\n\n\n\n<ul class=\"wp-block-list\">\n<li><a href=\"https:\/\/colegiocantareira.com.br\/infantil\/2022\/07\/15\/corre-cotia-na-casa-da-tia\/\">CORRE-COTIA NA CASA DA TIA&#8230;<\/a><\/li>\n<\/ul>\n\n\n\n<ul class=\"wp-block-list\">\n<li><a href=\"https:\/\/colegiocantareira.com.br\/infantil\/2022\/10\/a-vitoria-regia\/\">A VIT\u00d3RIA-R\u00c9GIA<\/a><\/li>\n<\/ul>\n\n\n\n<div style=\"height:20px\" aria-hidden=\"true\" class=\"wp-block-spacer\"><\/div>\n\n\n\n<p class=\"has-vivid-green-cyan-color has-text-color\"><strong>1\u00ba ANO B<\/strong><\/p>\n\n\n\n<ul class=\"wp-block-list\">\n<li><a href=\"https:\/\/colegiocantareira.com.br\/infantil\/2022\/04\/13\/o-aniversario-da-minhoca\/\">NARRATIVA DE UMA EXPERI\u00caNCIA DE QUINTAL<\/a><\/li>\n<\/ul>\n\n\n\n<ul class=\"wp-block-list\">\n<li><a href=\"https:\/\/colegiocantareira.com.br\/infantil\/2022\/08\/12\/argila-como-possibilidade-de-criacao-e-experiencia-sensorial%ef%bf%bc\/\">ARGILA COMO POSSIBILIDADE DE CRIA\u00c7\u00c3O E EXPERI\u00caNCIA SENSORIAL<\/a><\/li>\n<\/ul>\n\n\n\n<ul class=\"wp-block-list\">\n<li><a href=\"https:\/\/colegiocantareira.com.br\/infantil\/2022\/10\/a-construcao-da-escrita%ef%bf%bc\/\">A CONSTRU\u00c7\u00c3O DA ESCRITA<\/a><\/li>\n<\/ul>\n","protected":false},"excerpt":{"rendered":"<p>BER\u00c7\u00c1RIO PI A PI B G4 A G4 B G5 A G5 B 1\u00ba ANO A 1\u00ba ANO B<\/p>\n","protected":false},"author":5,"featured_media":0,"parent":0,"menu_order":0,"comment_status":"closed","ping_status":"closed","template":"","meta":{"footnotes":""},"class_list":["post-1241","page","type-page","status-publish","hentry"],"_links":{"self":[{"href":"https:\/\/colegiocantareira.com.br\/infantil\/wp-json\/wp\/v2\/pages\/1241","targetHints":{"allow":["GET"]}}],"collection":[{"href":"https:\/\/colegiocantareira.com.br\/infantil\/wp-json\/wp\/v2\/pages"}],"about":[{"href":"https:\/\/colegiocantareira.com.br\/infantil\/wp-json\/wp\/v2\/types\/page"}],"author":[{"embeddable":true,"href":"https:\/\/colegiocantareira.com.br\/infantil\/wp-json\/wp\/v2\/users\/5"}],"replies":[{"embeddable":true,"href":"https:\/\/colegiocantareira.com.br\/infantil\/wp-json\/wp\/v2\/comments?post=1241"}],"version-history":[{"count":6,"href":"https:\/\/colegiocantareira.com.br\/infantil\/wp-json\/wp\/v2\/pages\/1241\/revisions"}],"predecessor-version":[{"id":1481,"href":"https:\/\/colegiocantareira.com.br\/infantil\/wp-json\/wp\/v2\/pages\/1241\/revisions\/1481"}],"wp:attachment":[{"href":"https:\/\/colegiocantareira.com.br\/infantil\/wp-json\/wp\/v2\/media?parent=1241"}],"curies":[{"name":"wp","href":"https:\/\/api.w.org\/{rel}","templated":true}]}}