{"id":2805,"date":"2024-03-11T09:43:27","date_gmt":"2024-03-11T12:43:27","guid":{"rendered":"https:\/\/colegiocantareira.com.br\/infantil\/?page_id=2805"},"modified":"2025-04-05T21:06:14","modified_gmt":"2025-04-06T00:06:14","slug":"2023-2","status":"publish","type":"page","link":"https:\/\/colegiocantareira.com.br\/infantil\/2023-2\/","title":{"rendered":"2023"},"content":{"rendered":"\n<h1 class=\"wp-block-heading\"><\/h1>\n\n\n\n<p class=\"has-vivid-green-cyan-color has-text-color has-link-color wp-elements-623addd6bd093ffef3bad2f412cc5ef5\" id=\"block-63c827d9-8dd4-466e-a41f-ce59c26821b1\"><strong>BER\u00c7\u00c1RIO<\/strong><\/p>\n\n\n\n<ul class=\"wp-block-list\" id=\"block-98420631-a8de-4e44-b997-e1b11e99d2f9\">\n<li><a href=\"https:\/\/colegiocantareira.com.br\/infantil\/2023\/05\/cores-e-texturas\/\">CORES E TEXTURAS<\/a><\/li>\n\n\n\n<li><a href=\"https:\/\/colegiocantareira.com.br\/infantil\/2023\/06\/pesquisas-de-mundo\/\">PESQUISAS DE MUNDO<\/a><\/li>\n\n\n\n<li>B<a href=\"https:\/\/colegiocantareira.com.br\/infantil\/2023\/07\/brincando-de-cozinhar\/\">RINCANDO DE COZINHAR<\/a><\/li>\n\n\n\n<li><a href=\"https:\/\/colegiocantareira.com.br\/infantil\/2023\/10\/a-escola\/\">\u00c1GUA COLORIDA<\/a><\/li>\n\n\n\n<li><a href=\"https:\/\/colegiocantareira.com.br\/infantil\/2023\/12\/as-cores-e-os-corpos-que-deixam-suas-marcas\/\">AS CORES E OS CORPOS QUE DEIXAM SUAS MARCAS<\/a><\/li>\n<\/ul>\n\n\n\n<p class=\"has-vivid-green-cyan-color has-text-color has-link-color wp-elements-85204bcc4fe9cbfe3a12d7040b637802\" id=\"block-08214dab-a5b1-4524-bb56-7405885d407c\"><strong>PI A<\/strong><\/p>\n\n\n\n<ul class=\"wp-block-list\" id=\"block-aea4b14d-9d25-457d-93e7-f740c0a10428\">\n<li><a href=\"https:\/\/colegiocantareira.com.br\/infantil\/2023\/04\/observacao-plantio\/\">OBSERVA\u00c7\u00c3O PLANTIO<\/a><\/li>\n\n\n\n<li><a href=\"https:\/\/colegiocantareira.com.br\/infantil\/2023\/06\/roda-de-leitura\/\">RODA DE LEITURA<\/a><\/li>\n\n\n\n<li><a href=\"https:\/\/colegiocantareira.com.br\/infantil\/2023\/07\/registro-com-argila\/\">REGISTRO COM ARGILA<\/a><\/li>\n\n\n\n<li><a href=\"https:\/\/colegiocantareira.com.br\/infantil\/2023\/07\/o-espaco-que-habitamos-contribui-com-as-habilidades\/\">O ESPA\u00c7O QUE HABITAMOS CONTRIBUI COM AS HABILIDADES ART\u00cdSTICAS<\/a><\/li>\n\n\n\n<li><a href=\"https:\/\/colegiocantareira.com.br\/infantil\/2023\/09\/folclore\/\">FOLCLORE<\/a><\/li>\n\n\n\n<li><a href=\"https:\/\/colegiocantareira.com.br\/infantil\/2023\/10\/ganhamos-uma-lagarta\/\">GANHAMOS UMA LAGARTA<\/a><\/li>\n\n\n\n<li><a href=\"https:\/\/colegiocantareira.com.br\/infantil\/2023\/12\/novas-possibilidades-papel-reciclado-com-flores-e-folhas\/\">NOVAS POSSIBILIDADES<\/a><\/li>\n<\/ul>\n\n\n\n<p class=\"has-vivid-green-cyan-color has-text-color has-link-color wp-elements-3d91b717394bb2c85635ef8d9f33f1a1\" id=\"block-e646fed5-71c7-4c4b-b5c1-7e45ba356143\"><strong>PI B<\/strong><\/p>\n\n\n\n<ul class=\"wp-block-list\" id=\"block-ebd7153f-f032-4879-801c-164151b62831\">\n<li><a href=\"https:\/\/colegiocantareira.com.br\/infantil\/2023\/04\/alimentacao-saudavel\/\">ALIMENTA\u00c7\u00c3O SAUD\u00c1VEL<\/a><\/li>\n\n\n\n<li><a href=\"https:\/\/colegiocantareira.com.br\/infantil\/2023\/06\/anna-maria-maiolino\/\">ANNA MARIA MAIOLINO<\/a><\/li>\n\n\n\n<li><a href=\"https:\/\/colegiocantareira.com.br\/infantil\/2023\/06\/a-casa\/\">A CASA<\/a><\/li>\n\n\n\n<li><a href=\"https:\/\/colegiocantareira.com.br\/infantil\/2023\/07\/o-olhar-da-crianca-para-a-natureza\/\">O OLHAR DA CRIAN\u00c7A PARA A NATUREZA<\/a><\/li>\n\n\n\n<li><a href=\"https:\/\/colegiocantareira.com.br\/infantil\/2023\/10\/vamos-capturar-o-lobo\/\">VAMOS CAPTURAR O LOBO?<\/a><\/li>\n\n\n\n<li><a href=\"https:\/\/colegiocantareira.com.br\/infantil\/2023\/10\/desenhando-com-elementos-naturais\/\">DESENHANDO COM ELEMENTOS NATURAIS<\/a><\/li>\n\n\n\n<li><a href=\"https:\/\/colegiocantareira.com.br\/infantil\/2023\/12\/a-importancia-do-brincar-na-primeirissima-infancia\/\">A IMPORT\u00c2NCIA DO BRINCAR NA PRIMEIR\u00cdSSIMA INF\u00c2NCIA<\/a><\/li>\n<\/ul>\n\n\n\n<p class=\"has-vivid-green-cyan-color has-text-color has-link-color wp-elements-af3b1d620d46ade4677a0a51601ddcc8\" id=\"block-efac9060-07b3-4778-9559-450c3e457279\"><strong>G4 A<\/strong><\/p>\n\n\n\n<ul class=\"wp-block-list\" id=\"block-925ea791-55e0-4c71-9f3e-d1b0d7a06be9\">\n<li><a href=\"https:\/\/colegiocantareira.com.br\/infantil\/2023\/04\/escolha-e-producao-do-nome-da-turma\/\">ESCOLHA E PRODU\u00c7\u00c3O DO NOME DA TURMA<\/a><\/li>\n\n\n\n<li><a href=\"https:\/\/colegiocantareira.com.br\/infantil\/2023\/06\/brincar-de-peteca\/\">BRINCAR DE PETECA<\/a><\/li>\n\n\n\n<li><a href=\"https:\/\/colegiocantareira.com.br\/infantil\/2023\/07\/nome-proprio\/\">NOME PR\u00d3PRIO<\/a><\/li>\n\n\n\n<li><a href=\"https:\/\/colegiocantareira.com.br\/infantil\/2023\/07\/investigacao-folhas-da-nossa-escola\/\">INVESTIGA\u00c7\u00c3O \u2013 FOLHAS DA NOSSA ESCOLA<\/a><\/li>\n\n\n\n<li><a href=\"https:\/\/colegiocantareira.com.br\/infantil\/2023\/10\/autorretrato-tridimensional\/\">AUTORRETRATO TRIDIMENSIONAL<\/a><\/li>\n\n\n\n<li><a href=\"https:\/\/colegiocantareira.com.br\/infantil\/2023\/10\/processo-investigativo-a-borboleta\/\">PROCESSO INVESTIGATIVOS: A BORBOLETA<\/a><\/li>\n\n\n\n<li><a href=\"https:\/\/colegiocantareira.com.br\/infantil\/2023\/12\/brincadeiras-de-quintal\/\">BRINCADEIRAS DE QUINTAL<\/a><\/li>\n<\/ul>\n\n\n\n<p class=\"has-vivid-green-cyan-color has-text-color has-link-color wp-elements-6699ffe5e90f0a5fd9bd2d2debbc6683\" id=\"block-8f5bab77-baf6-4d9c-a5fa-3a3d30be5b3d\"><strong>G4 B<\/strong><\/p>\n\n\n\n<ul class=\"wp-block-list\">\n<li><a href=\"https:\/\/colegiocantareira.com.br\/infantil\/2023\/04\/que-bicho-e-esse\/\">QUE BICHO \u00c9 ESSE?<\/a><\/li>\n\n\n\n<li><a href=\"https:\/\/colegiocantareira.com.br\/infantil\/2023\/06\/autoretrato\/\">AUTORRETRATO<\/a><\/li>\n\n\n\n<li><a href=\"https:\/\/colegiocantareira.com.br\/infantil\/2023\/07\/meu-caminho\/\">MEU CAMINHO<\/a><\/li>\n\n\n\n<li><a href=\"https:\/\/colegiocantareira.com.br\/infantil\/2023\/07\/nossos-insetos\/\">NOSSOS INSETOS<\/a><\/li>\n\n\n\n<li><a href=\"https:\/\/colegiocantareira.com.br\/infantil\/2023\/10\/folclore-brasileiro\/\">FOLCLORE BRASILEIRO<\/a><\/li>\n\n\n\n<li><a href=\"https:\/\/colegiocantareira.com.br\/infantil\/2023\/12\/recebemos-uma-visita\/\">RECEBEMOS UMA VISITA!<\/a><\/li>\n<\/ul>\n\n\n\n<p class=\"has-vivid-green-cyan-color has-text-color has-link-color wp-elements-21b9256d8cc6e08d8ffebb7b4d9c42df\" id=\"block-d5528d12-4c4d-4b34-bdef-006400b8a964\"><strong>G5 A<\/strong><\/p>\n\n\n\n<ul class=\"wp-block-list\" id=\"block-0e0ef363-5ef6-4e52-8997-e6871a150e5a\">\n<li><a href=\"https:\/\/colegiocantareira.com.br\/infantil\/2023\/04\/registro-de-observacao\/\">REGISTRO DE OBSERVA\u00c7\u00c3O<\/a><\/li>\n\n\n\n<li><a href=\"https:\/\/colegiocantareira.com.br\/infantil\/2023\/06\/obras-em-producao\/\">OBRAS EM PRODU\u00c7\u00c3O\u2026<\/a><\/li>\n\n\n\n<li><a href=\"https:\/\/colegiocantareira.com.br\/infantil\/2023\/07\/dia-de-plantio\/\">DIA DE PLANTIO<\/a><\/li>\n\n\n\n<li><a href=\"https:\/\/colegiocantareira.com.br\/infantil\/2023\/07\/processo-investigativo-grilo-ou-gafanhoto\/\">PROCESSO INVESTIGATIVO: GRILO OU GAFANHOTO?<\/a><\/li>\n\n\n\n<li><a href=\"https:\/\/colegiocantareira.com.br\/infantil\/2023\/10\/linguagem-da-matematica-contagem-com-domino\/\">LINGUAGEM DA MATEM\u00c1TICA: CONTAGEM COM DOMIN\u00d3<\/a><\/li>\n\n\n\n<li><a href=\"https:\/\/colegiocantareira.com.br\/infantil\/2023\/10\/a-escrita-na-educacao-infantil\/\">A ESCRITA NA EDUCA\u00c7\u00c3O INFANTIL<\/a><\/li>\n\n\n\n<li><a href=\"https:\/\/colegiocantareira.com.br\/infantil\/2023\/12\/processo-investigativo-cogumelos-de-jardim\/\">PROCESSO INVESTIGATIVO \u2013 COGUMELOS DE JARDIM<\/a><\/li>\n<\/ul>\n\n\n\n<p class=\"has-vivid-green-cyan-color has-text-color has-link-color wp-elements-4ee9b59b2d2e9708355d1e48083c3015\" id=\"block-515dd348-d3c3-4a89-82c7-ec02581986d2\"><strong>G5 B<\/strong><\/p>\n\n\n\n<ul class=\"wp-block-list\" id=\"block-4c1c9594-3dd6-4eb5-b0dd-96ce22e612b2\">\n<li><a href=\"https:\/\/colegiocantareira.com.br\/infantil\/2023\/04\/cesta-de-frutas-uma-proposta-saudavel\/\">CESTA DE FRUTAS: UMA PROPOSTA SAUD\u00c1VEL<\/a><\/li>\n\n\n\n<li><a href=\"https:\/\/colegiocantareira.com.br\/infantil\/2023\/06\/projeto-de-artes-ana-maria-maiolino\/\">PROJETO DE ARTES \u2013 ANNA MARIA MAIOLINO<\/a><\/li>\n\n\n\n<li><a href=\"https:\/\/colegiocantareira.com.br\/infantil\/2023\/07\/processo-de-plantio\/\">PROCESSO DE PLANTIO<\/a><\/li>\n\n\n\n<li><a href=\"https:\/\/colegiocantareira.com.br\/infantil\/g5-b\/um-historia-muito-conhecida-e-um-final-diferente\/\">UMA HIST\u00d3RIA MUITO CONHECIDA E UM FINAL DIFERENTE<\/a><\/li>\n\n\n\n<li><a href=\"https:\/\/colegiocantareira.com.br\/infantil\/2023\/10\/novos-espacos-novas-brincadeiras\/\">NOVOS ESPA\u00c7OS, NOVAS BRINCADEIRAS<\/a><\/li>\n\n\n\n<li><a href=\"https:\/\/colegiocantareira.com.br\/infantil\/2023\/10\/pratica-da-leitura\/\">PR\u00c1TICA DA LEITURA<\/a><\/li>\n\n\n\n<li><a href=\"https:\/\/colegiocantareira.com.br\/infantil\/2023\/12\/transicao-para-o-1o-ano\/\">TRANSI\u00c7\u00c3O PARA O 1\u00ba ANO<\/a><\/li>\n<\/ul>\n\n\n\n<p class=\"has-vivid-green-cyan-color has-text-color has-link-color wp-elements-f91a3c8d4dd36575cdd8d952e462b90b\" id=\"block-37b311a2-d1c7-4b57-888f-5d6def04306b\"><strong>1\u00ba ANO A<\/strong><\/p>\n\n\n\n<ul class=\"wp-block-list\" id=\"block-25c4879d-d3b0-465c-97c7-9f567fc8da59\">\n<li><a href=\"https:\/\/colegiocantareira.com.br\/infantil\/2023\/04\/a-flor-da-lua\/\">A FLOR DA LUA<\/a><\/li>\n\n\n\n<li><a href=\"https:\/\/colegiocantareira.com.br\/infantil\/2023\/06\/os-povos-indigenas\/\">OS POVOS IND\u00cdGENAS<\/a><\/li>\n\n\n\n<li><a href=\"https:\/\/colegiocantareira.com.br\/infantil\/2023\/07\/o-quarteirao-da-minha-escola\/\">O QUARTEIR\u00c3O DA MINHA ESCOLA<\/a><\/li>\n\n\n\n<li><a href=\"https:\/\/colegiocantareira.com.br\/infantil\/2023\/07\/contexto-de-aprendizagem-parlendas\/\">CONTEXTO DE APRENDIZAGEM: PARLENDA<\/a><\/li>\n\n\n\n<li><a href=\"https:\/\/colegiocantareira.com.br\/infantil\/2023\/10\/processo-de-alfabetizacao-producao-textual\/\">PROCESSO DE ALFABETIZA\u00c7\u00c3O<\/a><\/li>\n\n\n\n<li><a href=\"https:\/\/colegiocantareira.com.br\/infantil\/2023\/10\/producoes-de-texto\/\">PRODU\u00c7\u00d5ES DE TEXTO<\/a><\/li>\n\n\n\n<li><a href=\"https:\/\/colegiocantareira.com.br\/infantil\/2023\/12\/o-caminho-da-escrita-a-edicao-do-livro\/\">O CAMINHO DA ESCRITA \u00c0 EDI\u00c7\u00c3O DO LIVRO<\/a><\/li>\n<\/ul>\n\n\n\n<p class=\"has-vivid-green-cyan-color has-text-color has-link-color wp-elements-42dcbfef42bce9de2fefe1367e528e73\" id=\"block-12dc6ded-a56b-4110-9891-76fc61938504\"><strong>1\u00ba ANO B<\/strong><\/p>\n\n\n\n<ul class=\"wp-block-list\" id=\"block-274f01c4-e569-478b-b3c2-e59ea96bbd8f\">\n<li><a href=\"https:\/\/colegiocantareira.com.br\/infantil\/2023\/04\/agrupamentos-produtivos\/\">AGRUPAMENTOS PRODUTIVOS<\/a><\/li>\n\n\n\n<li><a href=\"https:\/\/colegiocantareira.com.br\/infantil\/2023\/06\/a-funcao-social-da-escrita\/\">A FUN\u00c7\u00c3O SOCIAL DA ESCRITA<\/a><\/li>\n\n\n\n<li><a href=\"https:\/\/colegiocantareira.com.br\/infantil\/2023\/07\/escrita-coletiva-de-textos\/\">ESCRITA COLETIVA DE TEXTOS<\/a><\/li>\n\n\n\n<li><a href=\"https:\/\/colegiocantareira.com.br\/infantil\/2023\/07\/ciranda-do-livro\/\">CIRANDA DO LIVRO<\/a><\/li>\n\n\n\n<li><a href=\"https:\/\/colegiocantareira.com.br\/infantil\/2023\/10\/fabrica-do-folclore\/\">F\u00c1BRICA DE FOLCLORE<\/a><\/li>\n\n\n\n<li><a href=\"https:\/\/colegiocantareira.com.br\/infantil\/2023\/10\/reescritas-de-fabulas\/\">REESCRITA DE F\u00c1BULAS<\/a><\/li>\n\n\n\n<li><a href=\"https:\/\/colegiocantareira.com.br\/infantil\/2023\/12\/os-jogos-matematicos\/\">JOGOS MATEM\u00c1TICOS<\/a><\/li>\n<\/ul>\n","protected":false},"excerpt":{"rendered":"<p>BER\u00c7\u00c1RIO PI A PI B G4 A G4 B G5 A G5 B 1\u00ba ANO A 1\u00ba ANO B<\/p>\n","protected":false},"author":5,"featured_media":0,"parent":0,"menu_order":0,"comment_status":"closed","ping_status":"closed","template":"","meta":{"footnotes":""},"class_list":["post-2805","page","type-page","status-publish","hentry"],"_links":{"self":[{"href":"https:\/\/colegiocantareira.com.br\/infantil\/wp-json\/wp\/v2\/pages\/2805","targetHints":{"allow":["GET"]}}],"collection":[{"href":"https:\/\/colegiocantareira.com.br\/infantil\/wp-json\/wp\/v2\/pages"}],"about":[{"href":"https:\/\/colegiocantareira.com.br\/infantil\/wp-json\/wp\/v2\/types\/page"}],"author":[{"embeddable":true,"href":"https:\/\/colegiocantareira.com.br\/infantil\/wp-json\/wp\/v2\/users\/5"}],"replies":[{"embeddable":true,"href":"https:\/\/colegiocantareira.com.br\/infantil\/wp-json\/wp\/v2\/comments?post=2805"}],"version-history":[{"count":3,"href":"https:\/\/colegiocantareira.com.br\/infantil\/wp-json\/wp\/v2\/pages\/2805\/revisions"}],"predecessor-version":[{"id":2810,"href":"https:\/\/colegiocantareira.com.br\/infantil\/wp-json\/wp\/v2\/pages\/2805\/revisions\/2810"}],"wp:attachment":[{"href":"https:\/\/colegiocantareira.com.br\/infantil\/wp-json\/wp\/v2\/media?parent=2805"}],"curies":[{"name":"wp","href":"https:\/\/api.w.org\/{rel}","templated":true}]}}