{"id":3973,"date":"2025-04-05T21:06:40","date_gmt":"2025-04-06T00:06:40","guid":{"rendered":"https:\/\/colegiocantareira.com.br\/infantil\/?page_id=3973"},"modified":"2025-04-05T21:09:40","modified_gmt":"2025-04-06T00:09:40","slug":"2024-2","status":"publish","type":"page","link":"https:\/\/colegiocantareira.com.br\/infantil\/2024-2\/","title":{"rendered":"2024"},"content":{"rendered":"\n<p class=\"has-vivid-green-cyan-color has-text-color has-link-color wp-elements-623addd6bd093ffef3bad2f412cc5ef5\" id=\"block-63c827d9-8dd4-466e-a41f-ce59c26821b1\"><strong>BER\u00c7\u00c1RIO<\/strong><\/p>\n\n\n\n<ul id=\"block-98420631-a8de-4e44-b997-e1b11e99d2f9\" class=\"wp-block-list\">\n<li><a href=\"https:\/\/colegiocantareira.com.br\/infantil\/2024\/03\/materias-e-materialidades\/\">MAT\u00c9RIAS E MATERIALIDADES<\/a><\/li>\n\n\n\n<li><a href=\"https:\/\/colegiocantareira.com.br\/infantil\/2024\/04\/atelie-a-ceu-aberto-tinta-com-acafrao\/\">ATELI\u00ca A C\u00c9U ABERTO: TINTA COM A\u00c7AFR\u00c3O<\/a><\/li>\n\n\n\n<li><a href=\"https:\/\/colegiocantareira.com.br\/infantil\/2024\/05\/o-quintal-2\/\">O QUINTAL<\/a><\/li>\n<\/ul>\n\n\n\n<p class=\"has-vivid-green-cyan-color has-text-color has-link-color wp-elements-85204bcc4fe9cbfe3a12d7040b637802\" id=\"block-08214dab-a5b1-4524-bb56-7405885d407c\"><strong>PI A<\/strong><\/p>\n\n\n\n<ul id=\"block-aea4b14d-9d25-457d-93e7-f740c0a10428\" class=\"wp-block-list\">\n<li><a href=\"https:\/\/colegiocantareira.com.br\/infantil\/2024\/04\/habitar-o-espaco-da-escola-meu-lugar\/\">HABITAR O ESPA\u00c7O DA ESCOLA&#8230;MEU LUGAR!<\/a><\/li>\n\n\n\n<li><a href=\"https:\/\/colegiocantareira.com.br\/infantil\/2024\/05\/cores-que-vem-da-natureza-e-corpos-que-mergulham-nesses-infinitos\/\">CORES QUE V\u00caM DA NATUREZA E CORPOS QUE MERGULHAM NESSES INFINITOS<\/a><\/li>\n\n\n\n<li><a href=\"https:\/\/colegiocantareira.com.br\/infantil\/2024\/06\/atelie-de-tinta-natural\/\">ATELI\u00ca DE TINTA NATURAL<\/a><\/li>\n\n\n\n<li><a href=\"https:\/\/colegiocantareira.com.br\/infantil\/2024\/09\/procura-se-o-saci\/\">PROCURA-SE O SACI!<\/a><\/li>\n\n\n\n<li><a href=\"https:\/\/colegiocantareira.com.br\/infantil\/2024\/10\/nosso-pe-de-amora\/\">NOSSO P\u00c9 DE AMORA<\/a><\/li>\n<\/ul>\n\n\n\n<p class=\"has-vivid-green-cyan-color has-text-color has-link-color wp-elements-3d91b717394bb2c85635ef8d9f33f1a1\" id=\"block-e646fed5-71c7-4c4b-b5c1-7e45ba356143\"><strong>PI B<\/strong><\/p>\n\n\n\n<ul id=\"block-ebd7153f-f032-4879-801c-164151b62831\" class=\"wp-block-list\">\n<li><a href=\"https:\/\/colegiocantareira.com.br\/infantil\/2024\/03\/bem-vindos-ao-pi-leao\">BEM-VINDOS AO PI \u2013 LE\u00c3O!<\/a><\/li>\n\n\n\n<li><a href=\"https:\/\/colegiocantareira.com.br\/infantil\/2024\/04\/explorando-a-terra-descobrindo-o-mundo-das-minhocas\/\">EXPLORANDO TERRA: DESCOBRINDO O MUNDO DAS MINHOCAS<\/a><\/li>\n\n\n\n<li><a href=\"https:\/\/colegiocantareira.com.br\/infantil\/2024\/05\/bem-vindos-a-exposicao-explorando-kandinsky-na-natureza\/\">BEM-VINDOS \u00c0 EXPOSI\u00c7\u00c3O &#8220;EXPLORANDO KANDINSKY NA NATUREZA!&#8221;<\/a><\/li>\n\n\n\n<li><a href=\"https:\/\/colegiocantareira.com.br\/infantil\/2024\/06\/aventura-no-escorregador\/\">AVENTURA NO ESCORREGADOR<\/a><\/li>\n\n\n\n<li><a href=\"https:\/\/colegiocantareira.com.br\/infantil\/2024\/09\/explorando-a-arte-de-frans-krajcberg\/\">EXPLORANDO A ARTE DE FRANS KRAJCBERG<\/a><\/li>\n\n\n\n<li><a href=\"https:\/\/colegiocantareira.com.br\/infantil\/2024\/10\/mini-historia-sorvetes-de-lego\/\">MINI-HIST\u00d3RIA: SORVETE DE LEGO<\/a><\/li>\n<\/ul>\n\n\n\n<p class=\"has-vivid-green-cyan-color has-text-color has-link-color wp-elements-af3b1d620d46ade4677a0a51601ddcc8\" id=\"block-efac9060-07b3-4778-9559-450c3e457279\"><strong>G4 A<\/strong><\/p>\n\n\n\n<ul id=\"block-925ea791-55e0-4c71-9f3e-d1b0d7a06be9\" class=\"wp-block-list\">\n<li><a href=\"https:\/\/colegiocantareira.com.br\/infantil\/2024\/03\/a-batata\/\">A BATATA<\/a><\/li>\n\n\n\n<li><a href=\"https:\/\/colegiocantareira.com.br\/infantil\/2024\/04\/nome-proprio-3\/\">NOME PR\u00d3PRIO<\/a><\/li>\n\n\n\n<li><a href=\"https:\/\/colegiocantareira.com.br\/infantil\/2024\/05\/a-roda-de-fruta\/\">A RODA DE FRUTAS<\/a><\/li>\n\n\n\n<li><a href=\"https:\/\/colegiocantareira.com.br\/infantil\/2024\/06\/autorretrato\/\">AUTORRETRATO<\/a><\/li>\n\n\n\n<li><a href=\"https:\/\/colegiocantareira.com.br\/infantil\/2024\/09\/tem-flor-na-manga\/\">TEM FLOR NA MANGA!<\/a><\/li>\n\n\n\n<li><a href=\"https:\/\/colegiocantareira.com.br\/infantil\/2024\/10\/numeros\/\">N\u00daMEROS<\/a><\/li>\n<\/ul>\n\n\n\n<p class=\"has-vivid-green-cyan-color has-text-color has-link-color wp-elements-6699ffe5e90f0a5fd9bd2d2debbc6683\" id=\"block-8f5bab77-baf6-4d9c-a5fa-3a3d30be5b3d\"><strong>G4 B<\/strong><\/p>\n\n\n\n<ul class=\"wp-block-list\">\n<li><a href=\"https:\/\/colegiocantareira.com.br\/infantil\/2024\/03\/brincadeiras-no-parque\/\">BRINCADEIRAS NO PARQUE<\/a><\/li>\n\n\n\n<li><a href=\"https:\/\/colegiocantareira.com.br\/infantil\/2024\/04\/explorando-os-espacos-da-escola-construindo-memoria-afetivas-aqui\/\">EXPLORANDO OS ESPA\u00c7OS DA ESCOLA<\/a><\/li>\n\n\n\n<li><a href=\"https:\/\/colegiocantareira.com.br\/infantil\/2024\/05\/pequenos-chefes\/\">PEQUENOS CHEFES<\/a><\/li>\n\n\n\n<li><a href=\"https:\/\/colegiocantareira.com.br\/infantil\/2024\/06\/nos-somos-assim\/\">&#8220;N\u00d3S SOMOS ASSIM&#8230;&#8221;<\/a><\/li>\n\n\n\n<li><a href=\"https:\/\/colegiocantareira.com.br\/infantil\/2024\/09\/esse-e-o-meu-nome\/\">ESSE \u00c9 O MEU NOME!<\/a><\/li>\n\n\n\n<li><a href=\"https:\/\/colegiocantareira.com.br\/infantil\/2024\/10\/o-brincar-e-as-descobertas\/\">O BRINCAR E AS DESCOBERTAS<\/a><\/li>\n<\/ul>\n\n\n\n<p class=\"has-vivid-green-cyan-color has-text-color has-link-color wp-elements-21b9256d8cc6e08d8ffebb7b4d9c42df\" id=\"block-d5528d12-4c4d-4b34-bdef-006400b8a964\"><strong>G5 A<\/strong><\/p>\n\n\n\n<ul id=\"block-0e0ef363-5ef6-4e52-8997-e6871a150e5a\" class=\"wp-block-list\">\n<li><a href=\"https:\/\/colegiocantareira.com.br\/infantil\/2024\/03\/as-aprendizagens-no-contato-com-a-natureza\/\">AS APRENDIZAGENS NO CONTATO COM A NATUREZA<\/a><\/li>\n\n\n\n<li><a href=\"https:\/\/colegiocantareira.com.br\/infantil\/2024\/04\/o-brincar-como-linguagem-em-meio-a-natureza\/\">O BRINCAR COMO LINGUAGEM EM MEIO \u00c0 NATUREZA<\/a><\/li>\n\n\n\n<li><a href=\"https:\/\/colegiocantareira.com.br\/infantil\/2024\/05\/a-literatura-e-seus-personagens-encantadores\/\">A LITERATURA E SEUS PERSONAGENS ENCANTADORES<\/a><\/li>\n\n\n\n<li><a href=\"https:\/\/colegiocantareira.com.br\/infantil\/2024\/06\/insetario\/\">INSET\u00c1RIO<\/a><\/li>\n\n\n\n<li><a href=\"https:\/\/colegiocantareira.com.br\/infantil\/2024\/10\/a-transformacao-das-amoras\/\">A TRANSFORMA\u00c7\u00c3O DAS AMORAS<\/a><\/li>\n<\/ul>\n\n\n\n<p class=\"has-vivid-green-cyan-color has-text-color has-link-color wp-elements-4ee9b59b2d2e9708355d1e48083c3015\" id=\"block-515dd348-d3c3-4a89-82c7-ec02581986d2\"><strong>G5 B<\/strong><\/p>\n\n\n\n<ul id=\"block-4c1c9594-3dd6-4eb5-b0dd-96ce22e612b2\" class=\"wp-block-list\">\n<li><a href=\"https:\/\/colegiocantareira.com.br\/infantil\/2024\/03\/as-descobertas-em-meio-ao-brincar\/\">AS DESCOBERTAS EM MEIO AO BRINCAR<\/a><\/li>\n\n\n\n<li><a href=\"https:\/\/colegiocantareira.com.br\/infantil\/2024\/04\/a-arte-e-a-ciencia-em-conexao\/\">A ARTE E A CI\u00caNCIA EM CONEX\u00c3O<\/a><\/li>\n\n\n\n<li><a href=\"https:\/\/colegiocantareira.com.br\/infantil\/2024\/05\/explorando-o-papel-e-a-potencialidade-do-atelie-povos-indigenas\/\">EXPLORANDO O PAPEL E A POTENCIALIDADE DO ATELI\u00ca &#8211; POVOS IND\u00cdGENAS<\/a><\/li>\n\n\n\n<li><a href=\"https:\/\/colegiocantareira.com.br\/infantil\/2024\/11\/quinta-da-escola\/\">QUINTAL DA ESCOLA<\/a><\/li>\n<\/ul>\n\n\n\n<p class=\"has-vivid-green-cyan-color has-text-color has-link-color wp-elements-f91a3c8d4dd36575cdd8d952e462b90b\" id=\"block-37b311a2-d1c7-4b57-888f-5d6def04306b\"><strong>1\u00ba ANO A<\/strong><\/p>\n\n\n\n<ul id=\"block-25c4879d-d3b0-465c-97c7-9f567fc8da59\" class=\"wp-block-list\">\n<li><a href=\"https:\/\/colegiocantareira.com.br\/infantil\/2024\/03\/construindo-a-nossa-identidade\/\">CONSTRUINDO A NOSSA IDENTIDADE<\/a><\/li>\n\n\n\n<li><a href=\"https:\/\/colegiocantareira.com.br\/infantil\/2024\/04\/3144\/\">APRENDENDO SOBRE MORADIA<\/a><\/li>\n\n\n\n<li><a href=\"https:\/\/colegiocantareira.com.br\/infantil\/2024\/05\/brincadeiras-na-rotina\/\">BRINCADEIRAS NA ROTINA<\/a><\/li>\n\n\n\n<li><a href=\"https:\/\/colegiocantareira.com.br\/infantil\/2024\/06\/matematica-colorida-escala-cuisenaire\/\">MATEM\u00c1TICA COLORIDA: ESCALA CUISENAIRE<\/a><\/li>\n\n\n\n<li><a href=\"https:\/\/colegiocantareira.com.br\/infantil\/2024\/10\/conhecendo-os-profissionais-que-trabalham-na-escola-e-suas-funcoes\/\">CONHECENDO OS PROFISSIONAIS QUE TRABALHAM NA ESCOLA E SUAS FUN\u00c7\u00d5ES<\/a><\/li>\n\n\n\n<li><a href=\"https:\/\/colegiocantareira.com.br\/infantil\/2024\/10\/noticia-de-jornal-um-genero-muito-interessante\/\">NOT\u00cdCIA DE JORNAL<\/a><\/li>\n<\/ul>\n\n\n\n<p class=\"has-vivid-green-cyan-color has-text-color has-link-color wp-elements-42dcbfef42bce9de2fefe1367e528e73\" id=\"block-12dc6ded-a56b-4110-9891-76fc61938504\"><strong>1\u00ba ANO B<\/strong><\/p>\n\n\n\n<ul id=\"block-274f01c4-e569-478b-b3c2-e59ea96bbd8f\" class=\"wp-block-list\">\n<li><a href=\"https:\/\/colegiocantareira.com.br\/infantil\/2024\/03\/nome-proprio-2\/\">NOME PR\u00d3PRIO<\/a><\/li>\n\n\n\n<li><a href=\"https:\/\/colegiocantareira.com.br\/infantil\/2024\/04\/jogos-brincadeiras-e-cantigas-como-ferramenta-de-aprendizagem\/\">JOGOS, BRINCADEIRAS E CANTIGAS COMO FERRAMENTA DE APRENDIZAGEM<\/a><\/li>\n\n\n\n<li><a href=\"https:\/\/colegiocantareira.com.br\/infantil\/2024\/05\/ciranda-do-livro-na-biblioteca\/\">CIRANDA DO LIVRO NA BIBLIOTECA<\/a><\/li>\n\n\n\n<li><a href=\"https:\/\/colegiocantareira.com.br\/infantil\/2024\/06\/africa-o-berco-da-humanidade-bastidores\/\">\u00c1FRICA, O BER\u00c7O DA HUMANIDADE -BASTIDORES<\/a><\/li>\n\n\n\n<li><a href=\"https:\/\/colegiocantareira.com.br\/infantil\/2024\/09\/projeto-em-familia-a-arvore-dos-sonhos\/\">PROJETO EM FAM\u00cdLIA &#8211; &#8220;A \u00c1RVORE DOS SONHOS&#8221;<\/a><\/li>\n\n\n\n<li><a href=\"https:\/\/colegiocantareira.com.br\/infantil\/2024\/10\/producao-de-texto-coletivo\/\">PRODU\u00c7\u00c3O DE TEXTO COLETIVO<\/a><\/li>\n<\/ul>\n","protected":false},"excerpt":{"rendered":"<p>BER\u00c7\u00c1RIO PI A PI B G4 A G4 B G5 A G5 B 1\u00ba ANO A 1\u00ba ANO B<\/p>\n","protected":false},"author":5,"featured_media":0,"parent":0,"menu_order":0,"comment_status":"closed","ping_status":"closed","template":"","meta":{"footnotes":""},"class_list":["post-3973","page","type-page","status-publish","hentry"],"_links":{"self":[{"href":"https:\/\/colegiocantareira.com.br\/infantil\/wp-json\/wp\/v2\/pages\/3973","targetHints":{"allow":["GET"]}}],"collection":[{"href":"https:\/\/colegiocantareira.com.br\/infantil\/wp-json\/wp\/v2\/pages"}],"about":[{"href":"https:\/\/colegiocantareira.com.br\/infantil\/wp-json\/wp\/v2\/types\/page"}],"author":[{"embeddable":true,"href":"https:\/\/colegiocantareira.com.br\/infantil\/wp-json\/wp\/v2\/users\/5"}],"replies":[{"embeddable":true,"href":"https:\/\/colegiocantareira.com.br\/infantil\/wp-json\/wp\/v2\/comments?post=3973"}],"version-history":[{"count":3,"href":"https:\/\/colegiocantareira.com.br\/infantil\/wp-json\/wp\/v2\/pages\/3973\/revisions"}],"predecessor-version":[{"id":3976,"href":"https:\/\/colegiocantareira.com.br\/infantil\/wp-json\/wp\/v2\/pages\/3973\/revisions\/3976"}],"wp:attachment":[{"href":"https:\/\/colegiocantareira.com.br\/infantil\/wp-json\/wp\/v2\/media?parent=3973"}],"curies":[{"name":"wp","href":"https:\/\/api.w.org\/{rel}","templated":true}]}}