{"id":8,"date":"2021-12-23T08:55:21","date_gmt":"2021-12-23T11:55:21","guid":{"rendered":"https:\/\/colegiocantareira.com.br\/infantil\/?page_id=8"},"modified":"2023-04-25T10:09:04","modified_gmt":"2023-04-25T13:09:04","slug":"pagina-inicial","status":"publish","type":"page","link":"https:\/\/colegiocantareira.com.br\/infantil\/","title":{"rendered":"A documenta\u00e7\u00e3o"},"content":{"rendered":"\n<p>O registro dos percursos educativos na Educa\u00e7\u00e3o Infantil \u00e9 realizado por cada educadora em seu cotidiano junto \u00e0s crian\u00e7as, s\u00e3o valiosos instrumentos de observa\u00e7\u00e3o e reflex\u00e3o, mas tamb\u00e9m mem\u00f3rias do que foi vivido, recortes da inf\u00e2ncia de cada crian\u00e7a, documenta\u00e7\u00e3o em pr\u00e1tica.<\/p>\n\n\n\n<p>A documenta\u00e7\u00e3o pedag\u00f3gica vai al\u00e9m das fotografias e das anota\u00e7\u00f5es, ela requer um olhar para a crian\u00e7a, o espa\u00e7o, o tempo, os materiais e as rela\u00e7\u00f5es estabelecidas neste cotidiano.<\/p>\n\n\n\n<p>Cada percurso \u00e9 um convite \u00e0 constru\u00e7\u00e3o de uma concep\u00e7\u00e3o de crian\u00e7a complexa, transgressora, desejosa e competente!<\/p>\n\n\n\n<p><\/p>\n","protected":false},"excerpt":{"rendered":"<p>O registro dos percursos educativos na Educa\u00e7\u00e3o Infantil \u00e9 realizado por cada educadora em seu cotidiano junto \u00e0s crian\u00e7as, s\u00e3o valiosos instrumentos de observa\u00e7\u00e3o e reflex\u00e3o, mas tamb\u00e9m mem\u00f3rias do que foi vivido, recortes da inf\u00e2ncia de cada crian\u00e7a, documenta\u00e7\u00e3o em pr\u00e1tica. A documenta\u00e7\u00e3o pedag\u00f3gica vai al\u00e9m das fotografias e das anota\u00e7\u00f5es, ela requer um &hellip; <\/p>\n<p class=\"link-more\"><a href=\"https:\/\/colegiocantareira.com.br\/infantil\/\" class=\"more-link\">Continue lendo<span class=\"screen-reader-text\"> &#8220;A documenta\u00e7\u00e3o&#8221;<\/span><\/a><\/p>\n","protected":false},"author":2,"featured_media":0,"parent":0,"menu_order":0,"comment_status":"closed","ping_status":"closed","template":"","meta":{"footnotes":""},"class_list":["post-8","page","type-page","status-publish","hentry"],"_links":{"self":[{"href":"https:\/\/colegiocantareira.com.br\/infantil\/wp-json\/wp\/v2\/pages\/8","targetHints":{"allow":["GET"]}}],"collection":[{"href":"https:\/\/colegiocantareira.com.br\/infantil\/wp-json\/wp\/v2\/pages"}],"about":[{"href":"https:\/\/colegiocantareira.com.br\/infantil\/wp-json\/wp\/v2\/types\/page"}],"author":[{"embeddable":true,"href":"https:\/\/colegiocantareira.com.br\/infantil\/wp-json\/wp\/v2\/users\/2"}],"replies":[{"embeddable":true,"href":"https:\/\/colegiocantareira.com.br\/infantil\/wp-json\/wp\/v2\/comments?post=8"}],"version-history":[{"count":5,"href":"https:\/\/colegiocantareira.com.br\/infantil\/wp-json\/wp\/v2\/pages\/8\/revisions"}],"predecessor-version":[{"id":1235,"href":"https:\/\/colegiocantareira.com.br\/infantil\/wp-json\/wp\/v2\/pages\/8\/revisions\/1235"}],"wp:attachment":[{"href":"https:\/\/colegiocantareira.com.br\/infantil\/wp-json\/wp\/v2\/media?parent=8"}],"curies":[{"name":"wp","href":"https:\/\/api.w.org\/{rel}","templated":true}]}}